{"id":1006,"date":"2025-08-25T09:05:29","date_gmt":"2025-08-25T09:05:29","guid":{"rendered":"https:\/\/wp.rsoftware.it\/?page_id=1006"},"modified":"2025-09-06T17:53:14","modified_gmt":"2025-09-06T15:53:14","slug":"home","status":"publish","type":"page","link":"https:\/\/wp.rsoftware.it\/","title":{"rendered":""},"content":{"rendered":"<table border=\"0\" frame=\"void\" align=\"center\">\n<tbody>\n<tr>\n<td><\/td>\n<td><\/td>\n<td><\/td>\n<\/tr>\n<tr>\n<td width=\"10%\"><\/td>\n<td width=\"50%\">\n<p>La RSOFT \u00e8 una societ\u00e0 di servizi, consulenza e vendita di prodotti informatici. La sua attivit\u00e0 \u00e8 indirizzata alla progettazione e realizzazione di soluzioni ad alto contenuto tecnologico, utilizzando i pi\u00f9 avanzati strumenti di programmazione: dalle soluzioni personalizzate per le piccole e medie imprese alla produzione di software su sistemi aperti.<\/p>\n<p><img loading=\"lazy\" decoding=\"async\" style=\"margin-right: auto; margin-left: auto; display: block;\" src=\"wp-content\/uploads\/2025\/08\/rs.gif\" width=\"150\" height=\"107\" border=\"0\" \/><\/p>\n<hr id=\"system-readmore\" \/>\n<p style=\"text-align: center;\">L&#8217;attivit\u00e0 della RSOFT si rivolge principalmente<\/p>\n<p>&#8211; Analisi e sviluppo software gestionali per l&#8217;impresa: fatturazioni, gestione magazzino, contabilit\u00e0, produzione, centri di costo, statistiche, pianificazione.<\/p>\n<p>&#8211; Costruzione siti web e E-Commerce.<\/p>\n<p>&#8211; Realizzazione reti fisiche e wireless<\/p>\n<p>&#8211; Vendita sistemi Hardware e accessori<\/p>\n<p>&#8211; Consulenza e corsi di formazione su misura<\/p>\n<p>&#8211; Assistenza e Help Desk telefonico<\/p>\n<td width=\"10%\"><\/td>\n<\/tr>\n<tr>\n<td width=\"10%\">\n<td>\n<p style=\"text-align: center;\"><img loading=\"lazy\" decoding=\"async\" title=\"Partner Zucchetti\" src=\"wp-content\/uploads\/2025\/08\/logo_zucchetti.png\" alt=\"Partner Zucchetti\" width=\"350\" height=\"95\" border=\"0\" \/>\n<\/td>\n<\/tr>\n<tr>\n<td width=\"10%\">\n<td>\n<a href=\"https:\/\/www.edisoftware.it\" target=\"_blank\" rel=\"noopener\"><strong><img decoding=\"async\" src=\"wp-content\/uploads\/2025\/08\/logopartner.jpg\" alt=\"RSOFT Partner Certificato\" width=\"200\" border=\"0\" \/><\/strong><\/a><\/p>\n<\/td>\n<tr>\n<td width=\"10%\"><\/td>\n<td style=\"border: 1px solid #ffffff;\">\n<a href=\"https:\/\/www.rsoftware.it\/index.php\/prodotti\/gestionali-intelligenti\/ondaiq\">\n<img decoding=\"async\" title=\"OndaIQ\" src=\"wp-content\/uploads\/2025\/08\/Onda.png\" width=\"50%\" border=\"0\" \/><\/a>\n<\/td>\n<\/tr>\n<tr>\n<td width=\"10%\"><\/td>\n<td>\n<a href=\"https:\/\/www.rsoftware.it\/index.php\/prodotti\/gestionali-intelligenti\/oceanoiq\">\n<img decoding=\"async\" title=\"OceanoIQ\" src=\"wp-content\/uploads\/2025\/08\/Oceano.png\" width=\"50%\" border=\"0\" \/><\/a>\n<\/td>\n<\/tr>\n<tr>\n<td width=\"10%\"><\/td>\n<td style=\"border: 1px solid #ffffff;\" colspan=\"2\">\n<a href=\"https:\/\/www.edisoftware.it\/software-gestionale-intelligente-onda-iq-vision\/\" target=\"_blank\" rel=\"noopener\"><img decoding=\"async\" title=\"OndaVision\" src=\"wp-content\/uploads\/2025\/08\/OndaVision.png\" width=\"50%\" border=\"0\" \/><\/a><\/td>\n<td><\/td>\n\n<\/tr>\n<\/tbody>\n<\/table>\n\n\n<p><\/p>\n","protected":false},"excerpt":{"rendered":"<p>La RSOFT \u00e8 una societ\u00e0 di servizi, consulenza e vendita di prodotti informatici. La sua attivit\u00e0 \u00e8 indirizzata alla progettazione e realizzazione di soluzioni ad alto contenuto tecnologico, utilizzando i pi\u00f9 avanzati strumenti di programmazione: dalle soluzioni personalizzate per le piccole e medie imprese alla produzione di software su sistemi aperti. L&#8217;attivit\u00e0 della RSOFT si [&hellip;]<\/p>\n","protected":false},"author":1,"featured_media":0,"parent":0,"menu_order":0,"comment_status":"closed","ping_status":"closed","template":"","meta":{"footnotes":""},"class_list":["post-1006","page","type-page","status-publish","hentry","entry"],"_links":{"self":[{"href":"https:\/\/wp.rsoftware.it\/index.php?rest_route=\/wp\/v2\/pages\/1006","targetHints":{"allow":["GET"]}}],"collection":[{"href":"https:\/\/wp.rsoftware.it\/index.php?rest_route=\/wp\/v2\/pages"}],"about":[{"href":"https:\/\/wp.rsoftware.it\/index.php?rest_route=\/wp\/v2\/types\/page"}],"author":[{"embeddable":true,"href":"https:\/\/wp.rsoftware.it\/index.php?rest_route=\/wp\/v2\/users\/1"}],"replies":[{"embeddable":true,"href":"https:\/\/wp.rsoftware.it\/index.php?rest_route=%2Fwp%2Fv2%2Fcomments&post=1006"}],"version-history":[{"count":25,"href":"https:\/\/wp.rsoftware.it\/index.php?rest_route=\/wp\/v2\/pages\/1006\/revisions"}],"predecessor-version":[{"id":1145,"href":"https:\/\/wp.rsoftware.it\/index.php?rest_route=\/wp\/v2\/pages\/1006\/revisions\/1145"}],"wp:attachment":[{"href":"https:\/\/wp.rsoftware.it\/index.php?rest_route=%2Fwp%2Fv2%2Fmedia&parent=1006"}],"curies":[{"name":"wp","href":"https:\/\/api.w.org\/{rel}","templated":true}]}}